{"id":79,"date":"2023-05-12T08:58:43","date_gmt":"2023-05-12T11:58:43","guid":{"rendered":"https:\/\/apecbrasilia.com.br\/?page_id=79"},"modified":"2023-06-28T09:30:17","modified_gmt":"2023-06-28T12:30:17","slug":"projetos","status":"publish","type":"page","link":"https:\/\/apecbrasilia.com.br\/index.php\/projetos\/","title":{"rendered":"Minist\u00e9rios"},"content":{"rendered":"\n<p><strong>MINIST\u00c9RIOS<br><\/strong><\/p>\n\n\n\n<p><\/p>\n\n\n\n<p><\/p>\n\n\n\n<p>Um trabalho de alcance n\u00e3o somente das crian\u00e7as<\/p>\n\n\n\n<p>N\u00f3s da APEC Bras\u00edlia n\u00e3o nos limitamos a levar a mensagem da reden\u00e7\u00e3o \u00e0s crian\u00e7as e a seus familiares!<\/p>\n\n\n\n<p>Nosso trabalho de alcance das crian\u00e7as por meio do evangelho de cristo se d\u00e1 em contextos diferentes.<\/p>\n\n\n\n<p>A seguir, alguns testemunhos:<\/p>\n\n\n\n<p>1 &#8211; Cinco dias na minha vida fizeram toda a diferen\u00e7a. Jesus entrou no meu cora\u00e7\u00e3o e me transformou por inteiro!<\/p>\n\n\n\n<p>2 &#8211; Jesus me encontrou por meio da Miss\u00e3o APEC, que veio at\u00e9 minha aldeia e me mostrou o Plano de Salva\u00e7\u00e3o.<\/p>\n\n\n\n<p>3 &#8211; N\u00f3s ficamos muito felizes com a chegada do Projeto em nossa Escola. O comportamento das crian\u00e7as mudou muito.<\/p>\n\n\n\n<p>4 &#8211; Nossa creche est\u00e1 mais feliz com a chegada da APEC e das hist\u00f3rias b\u00edblicas, porque as crian\u00e7as se alegram.<\/p>\n\n\n\n<p>5 &#8211; O Clube Boas Novas ajudou a consolidar e fortalecer o trabalho com as crian\u00e7as de nossa igreja aqui no Gama.<\/p>\n\n\n\n<p>6 &#8211; Aqui no Instituto Nair Valadares, a APEC trouxe alento e paz, com o ensino b\u00edblico de forma criativa e alegre.<\/p>\n\n\n\n<p>7 &#8211; Enquanto visitava meu filho no pres\u00eddio, o trabalho da APEC trazia para n\u00f3s uma palavra de consolo e esperan\u00e7a.<\/p>\n\n\n\n<p>conhe\u00e7a | participe | ore | compartilhe<\/p>\n","protected":false},"excerpt":{"rendered":"<p>MINIST\u00c9RIOS Um trabalho de alcance n\u00e3o somente das crian\u00e7as N\u00f3s da APEC Bras\u00edlia n\u00e3o nos limitamos a levar a mensagem da reden\u00e7\u00e3o \u00e0s crian\u00e7as e a seus familiares! Nosso trabalho de alcance das crian\u00e7as por meio do evangelho de cristo se d\u00e1 em contextos diferentes. A seguir, alguns testemunhos: 1 &#8211; Cinco dias na minha [&hellip;]<\/p>\n","protected":false},"author":1,"featured_media":0,"parent":0,"menu_order":0,"comment_status":"closed","ping_status":"closed","template":"","meta":{"footnotes":""},"class_list":["post-79","page","type-page","status-publish","hentry"],"aioseo_notices":[],"_links":{"self":[{"href":"https:\/\/apecbrasilia.com.br\/index.php\/wp-json\/wp\/v2\/pages\/79","targetHints":{"allow":["GET"]}}],"collection":[{"href":"https:\/\/apecbrasilia.com.br\/index.php\/wp-json\/wp\/v2\/pages"}],"about":[{"href":"https:\/\/apecbrasilia.com.br\/index.php\/wp-json\/wp\/v2\/types\/page"}],"author":[{"embeddable":true,"href":"https:\/\/apecbrasilia.com.br\/index.php\/wp-json\/wp\/v2\/users\/1"}],"replies":[{"embeddable":true,"href":"https:\/\/apecbrasilia.com.br\/index.php\/wp-json\/wp\/v2\/comments?post=79"}],"version-history":[{"count":6,"href":"https:\/\/apecbrasilia.com.br\/index.php\/wp-json\/wp\/v2\/pages\/79\/revisions"}],"predecessor-version":[{"id":719,"href":"https:\/\/apecbrasilia.com.br\/index.php\/wp-json\/wp\/v2\/pages\/79\/revisions\/719"}],"wp:attachment":[{"href":"https:\/\/apecbrasilia.com.br\/index.php\/wp-json\/wp\/v2\/media?parent=79"}],"curies":[{"name":"wp","href":"https:\/\/api.w.org\/{rel}","templated":true}]}}