{"id":77,"date":"2023-05-12T08:56:29","date_gmt":"2023-05-12T11:56:29","guid":{"rendered":"https:\/\/apecbrasilia.com.br\/?page_id=77"},"modified":"2024-12-16T22:30:59","modified_gmt":"2024-12-17T01:30:59","slug":"cursos","status":"publish","type":"page","link":"https:\/\/apecbrasilia.com.br\/index.php\/cursos\/","title":{"rendered":"Cursos"},"content":{"rendered":"\n<p><\/p>\n\n\n\n<figure class=\"wp-block-gallery has-nested-images columns-default is-cropped wp-block-gallery-1 is-layout-flex wp-block-gallery-is-layout-flex\">\n<figure class=\"wp-block-image size-large\"><img decoding=\"async\" data-id=\"1577\" src=\"https:\/\/apecbrasilia.com.br\/wp-content\/uploads\/2024\/12\/2025-R-1024x1024.jpg\" alt=\"\" class=\"wp-image-1577\"\/><\/figure>\n\n\n\n<figure class=\"wp-block-image size-large\"><img decoding=\"async\" data-id=\"1578\" src=\"https:\/\/apecbrasilia.com.br\/wp-content\/uploads\/2024\/12\/2025-1024x1024.jpg\" alt=\"\" class=\"wp-image-1578\"\/><\/figure>\n<\/figure>\n\n\n\n<p>Matr\u00edculas Abertas para Cursos Oficiais CEDID e CPMC 2025.<\/p>\n\n\n\n<p>Mais informa\u00e7\u00f5es, fale com a APEC<\/p>\n\n\n\n<div class=\"wp-block-buttons is-layout-flex wp-block-buttons-is-layout-flex\">\n<div class=\"wp-block-button\"><a class=\"wp-block-button__link wp-element-button\" href=\"https:\/\/api.whatsapp.com\/send?phone=5561981171219&amp;text=Gostaria%20de%20Saber%20mais%20Sobre%20os%20Cursos%20Viviane.\">Saiba +<\/a><\/div>\n<\/div>\n\n\n\n<figure class=\"wp-block-gallery has-nested-images columns-default is-cropped wp-block-gallery-2 is-layout-flex wp-block-gallery-is-layout-flex\"><\/figure>\n","protected":false},"excerpt":{"rendered":"<p>Matr\u00edculas Abertas para Cursos Oficiais CEDID e CPMC 2025. Mais informa\u00e7\u00f5es, fale com a APEC<\/p>\n","protected":false},"author":1,"featured_media":0,"parent":0,"menu_order":0,"comment_status":"closed","ping_status":"closed","template":"","meta":{"footnotes":""},"class_list":["post-77","page","type-page","status-publish","hentry"],"aioseo_notices":[],"_links":{"self":[{"href":"https:\/\/apecbrasilia.com.br\/index.php\/wp-json\/wp\/v2\/pages\/77","targetHints":{"allow":["GET"]}}],"collection":[{"href":"https:\/\/apecbrasilia.com.br\/index.php\/wp-json\/wp\/v2\/pages"}],"about":[{"href":"https:\/\/apecbrasilia.com.br\/index.php\/wp-json\/wp\/v2\/types\/page"}],"author":[{"embeddable":true,"href":"https:\/\/apecbrasilia.com.br\/index.php\/wp-json\/wp\/v2\/users\/1"}],"replies":[{"embeddable":true,"href":"https:\/\/apecbrasilia.com.br\/index.php\/wp-json\/wp\/v2\/comments?post=77"}],"version-history":[{"count":10,"href":"https:\/\/apecbrasilia.com.br\/index.php\/wp-json\/wp\/v2\/pages\/77\/revisions"}],"predecessor-version":[{"id":1579,"href":"https:\/\/apecbrasilia.com.br\/index.php\/wp-json\/wp\/v2\/pages\/77\/revisions\/1579"}],"wp:attachment":[{"href":"https:\/\/apecbrasilia.com.br\/index.php\/wp-json\/wp\/v2\/media?parent=77"}],"curies":[{"name":"wp","href":"https:\/\/api.w.org\/{rel}","templated":true}]}}