{"id":214,"date":"2023-05-15T12:33:18","date_gmt":"2023-05-15T15:33:18","guid":{"rendered":"https:\/\/apecbrasilia.com.br\/?page_id=214"},"modified":"2025-01-10T19:26:27","modified_gmt":"2025-01-10T22:26:27","slug":"missao","status":"publish","type":"page","link":"https:\/\/apecbrasilia.com.br\/index.php\/missao\/","title":{"rendered":"Miss\u00e3o"},"content":{"rendered":"\n<h3 class=\"wp-block-heading\"><strong>A MISS\u00c3O<\/strong><\/h3>\n\n\n\n<p>A Miss\u00e3o APEC precisa de voc\u00ea!<br>Essa \u00e9 uma obra de f\u00e9 e interdenominacional. \u00c9 URGENTE EVANGELIZAR E DISCIPULAR nossas crian\u00e7as e INTEGR\u00c1-LAS \u00c0 IGREJA<\/p>\n\n\n\n<h5 class=\"wp-block-heading\">Voc\u00ea pode contribuir com a Miss\u00e3o APEC, atrav\u00e9s das contas a seguir:<\/h5>\n\n\n\n<figure class=\"wp-block-image size-full\"><img loading=\"lazy\" decoding=\"async\" width=\"100\" height=\"30\" src=\"https:\/\/apecbrasilia.com.br\/wp-content\/uploads\/2025\/01\/Divisor-18.jpg\" alt=\"\" class=\"wp-image-1662\"\/><\/figure>\n\n\n\n<p><br><strong><strong>APEC &#8211; Alian\u00e7a Pr\u00f3-Evangeliza\u00e7\u00e3o das Crian\u00e7as<br><\/strong><\/strong>Banco Bradesco &#8211; Ag\u00eancia: 1228.9 &#8211; Conta Corrente: 86.296-7<\/p>\n\n\n\n<figure class=\"wp-block-image size-full\"><img loading=\"lazy\" decoding=\"async\" width=\"100\" height=\"30\" src=\"https:\/\/apecbrasilia.com.br\/wp-content\/uploads\/2025\/01\/Divisor-21.jpg\" alt=\"\" class=\"wp-image-1666\"\/><\/figure>\n\n\n\n<p><strong>Viviane Alencar<br>Mission\u00e1ria da APEC Bras\u00edlia<br><\/strong>Bradesco &#8211; Ag\u00eancia: 0484-7 &#8211; Conta Poupan\u00e7a: 1006720-0<br><\/p>\n\n\n\n<figure class=\"wp-block-image size-full\"><img loading=\"lazy\" decoding=\"async\" width=\"100\" height=\"30\" src=\"https:\/\/apecbrasilia.com.br\/wp-content\/uploads\/2025\/01\/Divisor-20.jpg\" alt=\"\" class=\"wp-image-1665\"\/><\/figure>\n\n\n\n<p><strong>Viviane Alencar<br>Mission\u00e1ria da APEC Bras\u00edlia<\/strong><br>Banco Ita\u00fa  &#8211; Ag\u00eancia: 3213 &#8211; Conta Corrente: 22326-0 <\/p>\n\n\n\n<p>Pix Apecbrasilia@gmail.com<\/p>\n\n\n\n<p><\/p>\n","protected":false},"excerpt":{"rendered":"<p>A MISS\u00c3O A Miss\u00e3o APEC precisa de voc\u00ea!Essa \u00e9 uma obra de f\u00e9 e interdenominacional. \u00c9 URGENTE EVANGELIZAR E DISCIPULAR nossas crian\u00e7as e INTEGR\u00c1-LAS \u00c0 IGREJA Voc\u00ea pode contribuir com a Miss\u00e3o APEC, atrav\u00e9s das contas a seguir: APEC &#8211; Alian\u00e7a Pr\u00f3-Evangeliza\u00e7\u00e3o das Crian\u00e7asBanco Bradesco &#8211; Ag\u00eancia: 1228.9 &#8211; Conta Corrente: 86.296-7 Viviane AlencarMission\u00e1ria da [&hellip;]<\/p>\n","protected":false},"author":1,"featured_media":0,"parent":0,"menu_order":0,"comment_status":"closed","ping_status":"closed","template":"","meta":{"footnotes":""},"class_list":["post-214","page","type-page","status-publish","hentry"],"aioseo_notices":[],"_links":{"self":[{"href":"https:\/\/apecbrasilia.com.br\/index.php\/wp-json\/wp\/v2\/pages\/214","targetHints":{"allow":["GET"]}}],"collection":[{"href":"https:\/\/apecbrasilia.com.br\/index.php\/wp-json\/wp\/v2\/pages"}],"about":[{"href":"https:\/\/apecbrasilia.com.br\/index.php\/wp-json\/wp\/v2\/types\/page"}],"author":[{"embeddable":true,"href":"https:\/\/apecbrasilia.com.br\/index.php\/wp-json\/wp\/v2\/users\/1"}],"replies":[{"embeddable":true,"href":"https:\/\/apecbrasilia.com.br\/index.php\/wp-json\/wp\/v2\/comments?post=214"}],"version-history":[{"count":7,"href":"https:\/\/apecbrasilia.com.br\/index.php\/wp-json\/wp\/v2\/pages\/214\/revisions"}],"predecessor-version":[{"id":1674,"href":"https:\/\/apecbrasilia.com.br\/index.php\/wp-json\/wp\/v2\/pages\/214\/revisions\/1674"}],"wp:attachment":[{"href":"https:\/\/apecbrasilia.com.br\/index.php\/wp-json\/wp\/v2\/media?parent=214"}],"curies":[{"name":"wp","href":"https:\/\/api.w.org\/{rel}","templated":true}]}}