{"id":193,"date":"2023-05-15T11:57:15","date_gmt":"2023-05-15T14:57:15","guid":{"rendered":"https:\/\/apecbrasilia.com.br\/?page_id=193"},"modified":"2026-04-16T00:50:06","modified_gmt":"2026-04-16T03:50:06","slug":"calendario-de-oracao","status":"publish","type":"page","link":"https:\/\/apecbrasilia.com.br\/index.php\/calendario-de-oracao\/","title":{"rendered":"Calend\u00e1rio de Ora\u00e7\u00e3o"},"content":{"rendered":"\n<h3 class=\"wp-block-heading\"><strong>CALEND\u00c1RIO DE ORA\u00c7\u00c3O &#8211; <\/strong>ABRIL DE 2026<\/h3>\n\n\n\n<p><strong>\u201cN\u00e3o estejais inquietos por coisa alguma; antes as vossas peti\u00e7\u00f5es sejam em tudo conhecidas diante de Deus pela ora\u00e7\u00e3o e s\u00faplica, com a\u00e7\u00e3o de gra\u00e7as.\u201d Filipenses 4:6<br><\/strong><\/p>\n\n\n\n<p>Convidamos voc\u00eas amigos intercessores da APEC Brasilia. Desafie sua igreja, sua fam\u00edlia e seus amigos a formarem n\u00facleos de ora\u00e7\u00e3o pela salva\u00e7\u00e3o das crian\u00e7as.<\/p>\n\n\n\n<p>Separe de 10 a 30 minutos e ore todos os dias conforme os pedidos de ora\u00e7\u00e3o do nosso calend\u00e1rio.<\/p>\n\n\n\n<figure class=\"wp-block-gallery has-nested-images columns-default is-cropped wp-block-gallery-1 is-layout-flex wp-block-gallery-is-layout-flex\">\n<figure class=\"wp-block-image size-large\"><img loading=\"lazy\" decoding=\"async\" width=\"1024\" height=\"1022\" data-id=\"2317\" src=\"https:\/\/apecbrasilia.com.br\/wp-content\/uploads\/2026\/04\/cc657385-1082-4c75-93fc-fd879bd3b1a7-1024x1022.jpg\" alt=\"\" class=\"wp-image-2317\" srcset=\"https:\/\/apecbrasilia.com.br\/wp-content\/uploads\/2026\/04\/cc657385-1082-4c75-93fc-fd879bd3b1a7-1024x1022.jpg 1024w, https:\/\/apecbrasilia.com.br\/wp-content\/uploads\/2026\/04\/cc657385-1082-4c75-93fc-fd879bd3b1a7-300x300.jpg 300w, https:\/\/apecbrasilia.com.br\/wp-content\/uploads\/2026\/04\/cc657385-1082-4c75-93fc-fd879bd3b1a7-150x150.jpg 150w, https:\/\/apecbrasilia.com.br\/wp-content\/uploads\/2026\/04\/cc657385-1082-4c75-93fc-fd879bd3b1a7-768x767.jpg 768w, https:\/\/apecbrasilia.com.br\/wp-content\/uploads\/2026\/04\/cc657385-1082-4c75-93fc-fd879bd3b1a7.jpg 1220w\" sizes=\"auto, (max-width: 1024px) 100vw, 1024px\" \/><\/figure>\n\n\n\n<figure class=\"wp-block-image size-large\"><img loading=\"lazy\" decoding=\"async\" width=\"1024\" height=\"1015\" data-id=\"2315\" src=\"https:\/\/apecbrasilia.com.br\/wp-content\/uploads\/2026\/04\/6daffa72-c4b6-404b-bc04-84ffbde1d847-1024x1015.jpg\" alt=\"\" class=\"wp-image-2315\" srcset=\"https:\/\/apecbrasilia.com.br\/wp-content\/uploads\/2026\/04\/6daffa72-c4b6-404b-bc04-84ffbde1d847-1024x1015.jpg 1024w, https:\/\/apecbrasilia.com.br\/wp-content\/uploads\/2026\/04\/6daffa72-c4b6-404b-bc04-84ffbde1d847-300x297.jpg 300w, https:\/\/apecbrasilia.com.br\/wp-content\/uploads\/2026\/04\/6daffa72-c4b6-404b-bc04-84ffbde1d847-150x150.jpg 150w, https:\/\/apecbrasilia.com.br\/wp-content\/uploads\/2026\/04\/6daffa72-c4b6-404b-bc04-84ffbde1d847-768x761.jpg 768w, https:\/\/apecbrasilia.com.br\/wp-content\/uploads\/2026\/04\/6daffa72-c4b6-404b-bc04-84ffbde1d847.jpg 1220w\" sizes=\"auto, (max-width: 1024px) 100vw, 1024px\" \/><\/figure>\n\n\n\n<figure class=\"wp-block-image size-large\"><img loading=\"lazy\" decoding=\"async\" width=\"1020\" height=\"1024\" data-id=\"2316\" src=\"https:\/\/apecbrasilia.com.br\/wp-content\/uploads\/2026\/04\/97f827c2-cba2-4d4f-93c7-d0df55452082-1020x1024.jpg\" alt=\"\" class=\"wp-image-2316\" srcset=\"https:\/\/apecbrasilia.com.br\/wp-content\/uploads\/2026\/04\/97f827c2-cba2-4d4f-93c7-d0df55452082-1020x1024.jpg 1020w, https:\/\/apecbrasilia.com.br\/wp-content\/uploads\/2026\/04\/97f827c2-cba2-4d4f-93c7-d0df55452082-300x300.jpg 300w, https:\/\/apecbrasilia.com.br\/wp-content\/uploads\/2026\/04\/97f827c2-cba2-4d4f-93c7-d0df55452082-150x150.jpg 150w, https:\/\/apecbrasilia.com.br\/wp-content\/uploads\/2026\/04\/97f827c2-cba2-4d4f-93c7-d0df55452082-768x771.jpg 768w, https:\/\/apecbrasilia.com.br\/wp-content\/uploads\/2026\/04\/97f827c2-cba2-4d4f-93c7-d0df55452082.jpg 1220w\" sizes=\"auto, (max-width: 1020px) 100vw, 1020px\" \/><\/figure>\n\n\n\n<figure class=\"wp-block-image size-large\"><img loading=\"lazy\" decoding=\"async\" width=\"1024\" height=\"1016\" data-id=\"2314\" src=\"https:\/\/apecbrasilia.com.br\/wp-content\/uploads\/2026\/04\/e3c7565b-c56d-4cd9-9b52-d3a5284fb014-1024x1016.jpg\" alt=\"\" class=\"wp-image-2314\" srcset=\"https:\/\/apecbrasilia.com.br\/wp-content\/uploads\/2026\/04\/e3c7565b-c56d-4cd9-9b52-d3a5284fb014-1024x1016.jpg 1024w, https:\/\/apecbrasilia.com.br\/wp-content\/uploads\/2026\/04\/e3c7565b-c56d-4cd9-9b52-d3a5284fb014-300x298.jpg 300w, https:\/\/apecbrasilia.com.br\/wp-content\/uploads\/2026\/04\/e3c7565b-c56d-4cd9-9b52-d3a5284fb014-150x150.jpg 150w, https:\/\/apecbrasilia.com.br\/wp-content\/uploads\/2026\/04\/e3c7565b-c56d-4cd9-9b52-d3a5284fb014-768x762.jpg 768w, https:\/\/apecbrasilia.com.br\/wp-content\/uploads\/2026\/04\/e3c7565b-c56d-4cd9-9b52-d3a5284fb014.jpg 1220w\" sizes=\"auto, (max-width: 1024px) 100vw, 1024px\" \/><\/figure>\n\n\n\n<figure class=\"wp-block-image size-large\"><img loading=\"lazy\" decoding=\"async\" width=\"1011\" height=\"1024\" data-id=\"2318\" src=\"https:\/\/apecbrasilia.com.br\/wp-content\/uploads\/2026\/04\/6c77cb3a-5d88-45b1-b4be-7fa86bcdb783-1011x1024.jpg\" alt=\"\" class=\"wp-image-2318\" srcset=\"https:\/\/apecbrasilia.com.br\/wp-content\/uploads\/2026\/04\/6c77cb3a-5d88-45b1-b4be-7fa86bcdb783-1011x1024.jpg 1011w, https:\/\/apecbrasilia.com.br\/wp-content\/uploads\/2026\/04\/6c77cb3a-5d88-45b1-b4be-7fa86bcdb783-296x300.jpg 296w, https:\/\/apecbrasilia.com.br\/wp-content\/uploads\/2026\/04\/6c77cb3a-5d88-45b1-b4be-7fa86bcdb783-768x778.jpg 768w, https:\/\/apecbrasilia.com.br\/wp-content\/uploads\/2026\/04\/6c77cb3a-5d88-45b1-b4be-7fa86bcdb783.jpg 1220w\" sizes=\"auto, (max-width: 1011px) 100vw, 1011px\" \/><\/figure>\n\n\n\n<figure class=\"wp-block-image size-large\"><img loading=\"lazy\" decoding=\"async\" width=\"1024\" height=\"1024\" data-id=\"2312\" src=\"https:\/\/apecbrasilia.com.br\/wp-content\/uploads\/2026\/04\/553a0f08-30f8-43d0-96db-855be058ef98-1024x1024.jpg\" alt=\"\" class=\"wp-image-2312\" srcset=\"https:\/\/apecbrasilia.com.br\/wp-content\/uploads\/2026\/04\/553a0f08-30f8-43d0-96db-855be058ef98-1024x1024.jpg 1024w, https:\/\/apecbrasilia.com.br\/wp-content\/uploads\/2026\/04\/553a0f08-30f8-43d0-96db-855be058ef98-300x300.jpg 300w, https:\/\/apecbrasilia.com.br\/wp-content\/uploads\/2026\/04\/553a0f08-30f8-43d0-96db-855be058ef98-150x150.jpg 150w, https:\/\/apecbrasilia.com.br\/wp-content\/uploads\/2026\/04\/553a0f08-30f8-43d0-96db-855be058ef98-768x768.jpg 768w, https:\/\/apecbrasilia.com.br\/wp-content\/uploads\/2026\/04\/553a0f08-30f8-43d0-96db-855be058ef98.jpg 1080w\" sizes=\"auto, (max-width: 1024px) 100vw, 1024px\" \/><\/figure>\n\n\n\n<figure class=\"wp-block-image size-large\"><img loading=\"lazy\" decoding=\"async\" width=\"1024\" height=\"1024\" data-id=\"2310\" src=\"https:\/\/apecbrasilia.com.br\/wp-content\/uploads\/2026\/04\/149905b7-6db5-45f9-a934-4bd50f4564c8-1024x1024.jpg\" alt=\"\" class=\"wp-image-2310\" srcset=\"https:\/\/apecbrasilia.com.br\/wp-content\/uploads\/2026\/04\/149905b7-6db5-45f9-a934-4bd50f4564c8-1024x1024.jpg 1024w, https:\/\/apecbrasilia.com.br\/wp-content\/uploads\/2026\/04\/149905b7-6db5-45f9-a934-4bd50f4564c8-300x300.jpg 300w, https:\/\/apecbrasilia.com.br\/wp-content\/uploads\/2026\/04\/149905b7-6db5-45f9-a934-4bd50f4564c8-150x150.jpg 150w, https:\/\/apecbrasilia.com.br\/wp-content\/uploads\/2026\/04\/149905b7-6db5-45f9-a934-4bd50f4564c8-768x768.jpg 768w, https:\/\/apecbrasilia.com.br\/wp-content\/uploads\/2026\/04\/149905b7-6db5-45f9-a934-4bd50f4564c8.jpg 1080w\" sizes=\"auto, (max-width: 1024px) 100vw, 1024px\" \/><\/figure>\n\n\n\n<figure class=\"wp-block-image size-large\"><img loading=\"lazy\" decoding=\"async\" width=\"1024\" height=\"1024\" data-id=\"2308\" src=\"https:\/\/apecbrasilia.com.br\/wp-content\/uploads\/2026\/04\/93049613-96f4-414e-83dc-77f5accd8707-1024x1024.jpg\" alt=\"\" class=\"wp-image-2308\" srcset=\"https:\/\/apecbrasilia.com.br\/wp-content\/uploads\/2026\/04\/93049613-96f4-414e-83dc-77f5accd8707-1024x1024.jpg 1024w, https:\/\/apecbrasilia.com.br\/wp-content\/uploads\/2026\/04\/93049613-96f4-414e-83dc-77f5accd8707-300x300.jpg 300w, https:\/\/apecbrasilia.com.br\/wp-content\/uploads\/2026\/04\/93049613-96f4-414e-83dc-77f5accd8707-150x150.jpg 150w, https:\/\/apecbrasilia.com.br\/wp-content\/uploads\/2026\/04\/93049613-96f4-414e-83dc-77f5accd8707-768x768.jpg 768w, https:\/\/apecbrasilia.com.br\/wp-content\/uploads\/2026\/04\/93049613-96f4-414e-83dc-77f5accd8707.jpg 1080w\" sizes=\"auto, (max-width: 1024px) 100vw, 1024px\" \/><\/figure>\n\n\n\n<figure class=\"wp-block-image size-large\"><img loading=\"lazy\" decoding=\"async\" width=\"1024\" height=\"1024\" data-id=\"2309\" src=\"https:\/\/apecbrasilia.com.br\/wp-content\/uploads\/2026\/04\/6fed6b45-8742-4066-b149-a646cbbffd46-1024x1024.jpg\" alt=\"\" class=\"wp-image-2309\" srcset=\"https:\/\/apecbrasilia.com.br\/wp-content\/uploads\/2026\/04\/6fed6b45-8742-4066-b149-a646cbbffd46-1024x1024.jpg 1024w, https:\/\/apecbrasilia.com.br\/wp-content\/uploads\/2026\/04\/6fed6b45-8742-4066-b149-a646cbbffd46-300x300.jpg 300w, https:\/\/apecbrasilia.com.br\/wp-content\/uploads\/2026\/04\/6fed6b45-8742-4066-b149-a646cbbffd46-150x150.jpg 150w, https:\/\/apecbrasilia.com.br\/wp-content\/uploads\/2026\/04\/6fed6b45-8742-4066-b149-a646cbbffd46-768x768.jpg 768w, https:\/\/apecbrasilia.com.br\/wp-content\/uploads\/2026\/04\/6fed6b45-8742-4066-b149-a646cbbffd46.jpg 1080w\" sizes=\"auto, (max-width: 1024px) 100vw, 1024px\" \/><\/figure>\n\n\n\n<figure class=\"wp-block-image size-large\"><img loading=\"lazy\" decoding=\"async\" width=\"1024\" height=\"1024\" data-id=\"2311\" src=\"https:\/\/apecbrasilia.com.br\/wp-content\/uploads\/2026\/04\/662ccd6d-ff11-4792-b26c-b5a39723e604-1024x1024.jpg\" alt=\"\" class=\"wp-image-2311\" srcset=\"https:\/\/apecbrasilia.com.br\/wp-content\/uploads\/2026\/04\/662ccd6d-ff11-4792-b26c-b5a39723e604-1024x1024.jpg 1024w, https:\/\/apecbrasilia.com.br\/wp-content\/uploads\/2026\/04\/662ccd6d-ff11-4792-b26c-b5a39723e604-300x300.jpg 300w, https:\/\/apecbrasilia.com.br\/wp-content\/uploads\/2026\/04\/662ccd6d-ff11-4792-b26c-b5a39723e604-150x150.jpg 150w, https:\/\/apecbrasilia.com.br\/wp-content\/uploads\/2026\/04\/662ccd6d-ff11-4792-b26c-b5a39723e604-768x768.jpg 768w, https:\/\/apecbrasilia.com.br\/wp-content\/uploads\/2026\/04\/662ccd6d-ff11-4792-b26c-b5a39723e604.jpg 1080w\" sizes=\"auto, (max-width: 1024px) 100vw, 1024px\" \/><\/figure>\n\n\n\n<figure class=\"wp-block-image size-large\"><img loading=\"lazy\" decoding=\"async\" width=\"1024\" height=\"1024\" data-id=\"2325\" src=\"https:\/\/apecbrasilia.com.br\/wp-content\/uploads\/2026\/04\/160426-1024x1024.jpg\" alt=\"\" class=\"wp-image-2325\" srcset=\"https:\/\/apecbrasilia.com.br\/wp-content\/uploads\/2026\/04\/160426-1024x1024.jpg 1024w, https:\/\/apecbrasilia.com.br\/wp-content\/uploads\/2026\/04\/160426-300x300.jpg 300w, https:\/\/apecbrasilia.com.br\/wp-content\/uploads\/2026\/04\/160426-150x150.jpg 150w, https:\/\/apecbrasilia.com.br\/wp-content\/uploads\/2026\/04\/160426-768x768.jpg 768w, https:\/\/apecbrasilia.com.br\/wp-content\/uploads\/2026\/04\/160426.jpg 1080w\" sizes=\"auto, (max-width: 1024px) 100vw, 1024px\" \/><\/figure>\n\n\n\n<figure class=\"wp-block-image size-large\"><img loading=\"lazy\" decoding=\"async\" width=\"1024\" height=\"1024\" data-id=\"2323\" src=\"https:\/\/apecbrasilia.com.br\/wp-content\/uploads\/2026\/04\/120426-1024x1024.jpg\" alt=\"\" class=\"wp-image-2323\" srcset=\"https:\/\/apecbrasilia.com.br\/wp-content\/uploads\/2026\/04\/120426-1024x1024.jpg 1024w, https:\/\/apecbrasilia.com.br\/wp-content\/uploads\/2026\/04\/120426-300x300.jpg 300w, https:\/\/apecbrasilia.com.br\/wp-content\/uploads\/2026\/04\/120426-150x150.jpg 150w, https:\/\/apecbrasilia.com.br\/wp-content\/uploads\/2026\/04\/120426-768x768.jpg 768w, https:\/\/apecbrasilia.com.br\/wp-content\/uploads\/2026\/04\/120426.jpg 1080w\" sizes=\"auto, (max-width: 1024px) 100vw, 1024px\" \/><\/figure>\n\n\n\n<figure class=\"wp-block-image size-large\"><img loading=\"lazy\" decoding=\"async\" width=\"1024\" height=\"1024\" data-id=\"2324\" src=\"https:\/\/apecbrasilia.com.br\/wp-content\/uploads\/2026\/04\/130426-1024x1024.jpg\" alt=\"\" class=\"wp-image-2324\" srcset=\"https:\/\/apecbrasilia.com.br\/wp-content\/uploads\/2026\/04\/130426-1024x1024.jpg 1024w, https:\/\/apecbrasilia.com.br\/wp-content\/uploads\/2026\/04\/130426-300x300.jpg 300w, https:\/\/apecbrasilia.com.br\/wp-content\/uploads\/2026\/04\/130426-150x150.jpg 150w, https:\/\/apecbrasilia.com.br\/wp-content\/uploads\/2026\/04\/130426-768x768.jpg 768w, https:\/\/apecbrasilia.com.br\/wp-content\/uploads\/2026\/04\/130426.jpg 1080w\" sizes=\"auto, (max-width: 1024px) 100vw, 1024px\" \/><\/figure>\n\n\n\n<figure class=\"wp-block-image size-large\"><img loading=\"lazy\" decoding=\"async\" width=\"1024\" height=\"1024\" data-id=\"2322\" src=\"https:\/\/apecbrasilia.com.br\/wp-content\/uploads\/2026\/04\/140426-1024x1024.jpg\" alt=\"\" class=\"wp-image-2322\" srcset=\"https:\/\/apecbrasilia.com.br\/wp-content\/uploads\/2026\/04\/140426-1024x1024.jpg 1024w, https:\/\/apecbrasilia.com.br\/wp-content\/uploads\/2026\/04\/140426-300x300.jpg 300w, https:\/\/apecbrasilia.com.br\/wp-content\/uploads\/2026\/04\/140426-150x150.jpg 150w, https:\/\/apecbrasilia.com.br\/wp-content\/uploads\/2026\/04\/140426-768x768.jpg 768w, https:\/\/apecbrasilia.com.br\/wp-content\/uploads\/2026\/04\/140426.jpg 1080w\" sizes=\"auto, (max-width: 1024px) 100vw, 1024px\" \/><\/figure>\n\n\n\n<figure class=\"wp-block-image size-large\"><img loading=\"lazy\" decoding=\"async\" width=\"1024\" height=\"1024\" data-id=\"2321\" src=\"https:\/\/apecbrasilia.com.br\/wp-content\/uploads\/2026\/04\/150426-1024x1024.jpg\" alt=\"\" class=\"wp-image-2321\" srcset=\"https:\/\/apecbrasilia.com.br\/wp-content\/uploads\/2026\/04\/150426-1024x1024.jpg 1024w, https:\/\/apecbrasilia.com.br\/wp-content\/uploads\/2026\/04\/150426-300x300.jpg 300w, https:\/\/apecbrasilia.com.br\/wp-content\/uploads\/2026\/04\/150426-150x150.jpg 150w, https:\/\/apecbrasilia.com.br\/wp-content\/uploads\/2026\/04\/150426-768x768.jpg 768w, https:\/\/apecbrasilia.com.br\/wp-content\/uploads\/2026\/04\/150426.jpg 1080w\" sizes=\"auto, (max-width: 1024px) 100vw, 1024px\" \/><\/figure>\n<\/figure>\n\n\n\n<figure class=\"wp-block-gallery has-nested-images columns-default is-cropped wp-block-gallery-2 is-layout-flex wp-block-gallery-is-layout-flex\"><\/figure>\n\n\n\n<p>Ore pela salva\u00e7\u00e3o das crian\u00e7as nas igrejas, nos lares, nas escolas, em todos os contextos. Compartilhe e desafie sua igreja, fam\u00edlias e amigos a formarem n\u00facleos de ora\u00e7\u00e3o. <\/p>\n\n\n\n<p>Mas n\u00f3s perseveraremos na ora\u00e7\u00e3o e no minist\u00e9rio da palavra. Atos 6:4<br>Minist\u00e9rio de Evangeliza\u00e7\u00e3o e Discipulado de Crian\u00e7as<\/p>\n\n\n\n<p><\/p>\n","protected":false},"excerpt":{"rendered":"<p>CALEND\u00c1RIO DE ORA\u00c7\u00c3O &#8211; ABRIL DE 2026 \u201cN\u00e3o estejais inquietos por coisa alguma; antes as vossas peti\u00e7\u00f5es sejam em tudo conhecidas diante de Deus pela ora\u00e7\u00e3o e s\u00faplica, com a\u00e7\u00e3o de gra\u00e7as.\u201d Filipenses 4:6 Convidamos voc\u00eas amigos intercessores da APEC Brasilia. Desafie sua igreja, sua fam\u00edlia e seus amigos a formarem n\u00facleos de ora\u00e7\u00e3o pela [&hellip;]<\/p>\n","protected":false},"author":1,"featured_media":0,"parent":0,"menu_order":0,"comment_status":"closed","ping_status":"closed","template":"","meta":{"footnotes":""},"class_list":["post-193","page","type-page","status-publish","hentry"],"aioseo_notices":[],"_links":{"self":[{"href":"https:\/\/apecbrasilia.com.br\/index.php\/wp-json\/wp\/v2\/pages\/193","targetHints":{"allow":["GET"]}}],"collection":[{"href":"https:\/\/apecbrasilia.com.br\/index.php\/wp-json\/wp\/v2\/pages"}],"about":[{"href":"https:\/\/apecbrasilia.com.br\/index.php\/wp-json\/wp\/v2\/types\/page"}],"author":[{"embeddable":true,"href":"https:\/\/apecbrasilia.com.br\/index.php\/wp-json\/wp\/v2\/users\/1"}],"replies":[{"embeddable":true,"href":"https:\/\/apecbrasilia.com.br\/index.php\/wp-json\/wp\/v2\/comments?post=193"}],"version-history":[{"count":201,"href":"https:\/\/apecbrasilia.com.br\/index.php\/wp-json\/wp\/v2\/pages\/193\/revisions"}],"predecessor-version":[{"id":2327,"href":"https:\/\/apecbrasilia.com.br\/index.php\/wp-json\/wp\/v2\/pages\/193\/revisions\/2327"}],"wp:attachment":[{"href":"https:\/\/apecbrasilia.com.br\/index.php\/wp-json\/wp\/v2\/media?parent=193"}],"curies":[{"name":"wp","href":"https:\/\/api.w.org\/{rel}","templated":true}]}}