{"id":188,"date":"2023-05-15T11:50:26","date_gmt":"2023-05-15T14:50:26","guid":{"rendered":"https:\/\/apecbrasilia.com.br\/?page_id=188"},"modified":"2023-05-29T14:02:04","modified_gmt":"2023-05-29T17:02:04","slug":"indo","status":"publish","type":"page","link":"https:\/\/apecbrasilia.com.br\/index.php\/indo\/","title":{"rendered":"Indo"},"content":{"rendered":"\n<p><strong>INDO<\/strong><br><\/p>\n\n\n\n<p><strong>SEJA UM AMIGO DA APEC<br><\/strong><\/p>\n\n\n\n<p>Voc\u00ea pode ajudar o minist\u00e9rio indo conosco ao campo<\/p>\n\n\n\n<p><br>Nunca antes a Igreja Brasileira esteve diante de t\u00e3o grande desafio!<br>E nunca antes esse desafio foi t\u00e3o urgente! Participe!<br>Junte-se a APEC nesta grande obra! H\u00e1 lugar para voc\u00ea na APEC!<\/p>\n\n\n\n<ol class=\"wp-block-list\">\n<li>Seja um Amigo da APEC, orando ou contribuindo. | 2. Seja um Volunt\u00e1rio. | 3. Seja um Promotor O SERvi\u00e7o VOlunt\u00e1rio \u00e9 um Projeto da APEC para aqueles que dedicam parte de seu tempo para cooperar na obra mission\u00e1ria da APEC.O trabalho mission\u00e1rio tem m\u00faltiplas facetas e os dons, os talentos, as habilidades e os servi\u00e7os de crentes que amam ao Senhor e que est\u00e3o dispostos a cooperar voluntariamente, permitem um alcance muito maior. Seja voc\u00ea tamb\u00e9m um Volunt\u00e1rio em alguma dessas \u00e1reas :<\/li>\n\n\n\n<li>Minist\u00e9rio de ensino de Li\u00e7\u00f5es B\u00edblicas e Evangel\u00edsticas nas Escolas, nas Creches, nas ruas etc: inclui estar disposto a ir at\u00e9 o local onde est\u00e3o as crian\u00e7as, regularmente, toda a semana, em hor\u00e1rio previamente agendado, para ensinar a Palavra de Deus \u00e0s crian\u00e7as. Para esta participa\u00e7\u00e3o volunt\u00e1ria \u00e9 imprescind\u00edvel a participa\u00e7\u00e3o no TIMI \u2013 Treinamento Informal para o Minist\u00e9rio Infantil que acontece uma vez por semana na sede da APEC<\/li>\n\n\n\n<li>Seja um amigo promotor, nos ajude a divulgar nossas atividades<\/li>\n\n\n\n<li>Servi\u00e7os especializados: precisamos de volunt\u00e1rios para a \u00e1rea de inform\u00e1tica, tradu\u00e7\u00e3o de textos, revis\u00e3o de textos e tantos outros trabalhos. Estes servi\u00e7os s\u00e3o espor\u00e1dicos e precisam ser agendados com anteced\u00eancia.<\/li>\n<\/ol>\n\n\n\n<p><strong>Requisitos:<\/strong><\/p>\n\n\n\n<p>\u2013 Ser crente, nascido de novo e membro de uma Igreja Evang\u00e9lica;<\/p>\n\n\n\n<p>\u2013 Ter disponibilidade para dedicar parte de seu tempo para o servi\u00e7o volunt\u00e1rio;<\/p>\n\n\n\n<p>\u2013 N\u00e3o ter problemas em trabalhar com crentes de outras denomina\u00e7\u00f5es;<\/p>\n\n\n\n<p>\u2013 Estar de acordo com a Declara\u00e7\u00e3o de F\u00e9 da APEC;<\/p>\n\n\n\n<p>\u2013 Assinar o Termo de Voluntariado;<\/p>\n\n\n\n<p>\u2013 Ter amor \u00e0s crian\u00e7as perdidas.<\/p>\n\n\n\n<p>Se voc\u00ea possui esses requisitos, entre em contato com a gente indicando seu nome, sua igreja, sua cidade e em que \u00e1rea gostaria de atuar.<\/p>\n","protected":false},"excerpt":{"rendered":"<p>INDO SEJA UM AMIGO DA APEC Voc\u00ea pode ajudar o minist\u00e9rio indo conosco ao campo Nunca antes a Igreja Brasileira esteve diante de t\u00e3o grande desafio!E nunca antes esse desafio foi t\u00e3o urgente! Participe!Junte-se a APEC nesta grande obra! H\u00e1 lugar para voc\u00ea na APEC! Requisitos: \u2013 Ser crente, nascido de novo e membro de [&hellip;]<\/p>\n","protected":false},"author":1,"featured_media":0,"parent":0,"menu_order":0,"comment_status":"closed","ping_status":"closed","template":"","meta":{"footnotes":""},"class_list":["post-188","page","type-page","status-publish","hentry"],"aioseo_notices":[],"_links":{"self":[{"href":"https:\/\/apecbrasilia.com.br\/index.php\/wp-json\/wp\/v2\/pages\/188","targetHints":{"allow":["GET"]}}],"collection":[{"href":"https:\/\/apecbrasilia.com.br\/index.php\/wp-json\/wp\/v2\/pages"}],"about":[{"href":"https:\/\/apecbrasilia.com.br\/index.php\/wp-json\/wp\/v2\/types\/page"}],"author":[{"embeddable":true,"href":"https:\/\/apecbrasilia.com.br\/index.php\/wp-json\/wp\/v2\/users\/1"}],"replies":[{"embeddable":true,"href":"https:\/\/apecbrasilia.com.br\/index.php\/wp-json\/wp\/v2\/comments?post=188"}],"version-history":[{"count":2,"href":"https:\/\/apecbrasilia.com.br\/index.php\/wp-json\/wp\/v2\/pages\/188\/revisions"}],"predecessor-version":[{"id":393,"href":"https:\/\/apecbrasilia.com.br\/index.php\/wp-json\/wp\/v2\/pages\/188\/revisions\/393"}],"wp:attachment":[{"href":"https:\/\/apecbrasilia.com.br\/index.php\/wp-json\/wp\/v2\/media?parent=188"}],"curies":[{"name":"wp","href":"https:\/\/api.w.org\/{rel}","templated":true}]}}