{"id":151,"date":"2023-05-12T13:18:34","date_gmt":"2023-05-12T16:18:34","guid":{"rendered":"https:\/\/apecbrasilia.com.br\/?page_id=151"},"modified":"2025-01-09T22:00:22","modified_gmt":"2025-01-10T01:00:22","slug":"voluntario","status":"publish","type":"page","link":"https:\/\/apecbrasilia.com.br\/index.php\/voluntario\/","title":{"rendered":"Volunt\u00e1rio"},"content":{"rendered":"\n<h3 class=\"wp-block-heading\"><strong>VOLUNT\u00c1RIO APEC<\/strong><\/h3>\n\n\n\n<ol class=\"wp-block-list\">\n<li>Seja um Amigo da APEC, <\/li>\n\n\n\n<li><strong>1. Orando ou contribuindo. | 2. Seja um Volunt\u00e1rio. | 3. Seja um Promotor<\/strong> <\/li>\n\n\n\n<li>O Servi\u00e7o Volunt\u00e1rio \u00e9 um Projeto da APEC para aqueles que dedicam parte de seu tempo para cooperar na obra mission\u00e1ria da APEC. O trabalho mission\u00e1rio tem m\u00faltiplas facetas e os dons, os talentos, as habilidades e os servi\u00e7os de crentes que amam ao Senhor e que est\u00e3o dispostos a cooperar voluntariamente, permitem um alcance muito maior. Seja voc\u00ea tamb\u00e9m um Volunt\u00e1rio em alguma dessas \u00e1reas :<\/li>\n\n\n\n<li>Minist\u00e9rio de ensino de Li\u00e7\u00f5es B\u00edblicas e Evangel\u00edsticas nas Escolas, nas Creches, nas ruas etc: inclui estar disposto a ir at\u00e9 o local onde est\u00e3o as crian\u00e7as, regularmente, toda a semana, em hor\u00e1rio previamente agendado, para ensinar a Palavra de Deus \u00e0s crian\u00e7as. Para esta participa\u00e7\u00e3o volunt\u00e1ria \u00e9 imprescind\u00edvel a participa\u00e7\u00e3o no TIMI \u2013 Treinamento Informal para o Minist\u00e9rio Infantil que acontece uma vez por semana na sede da APEC<\/li>\n\n\n\n<li>Seja um amigo promotor, nos ajude a divulgar nossas atividades<\/li>\n\n\n\n<li>Servi\u00e7os especializados: precisamos de volunt\u00e1rios para a \u00e1rea de inform\u00e1tica, tradu\u00e7\u00e3o de textos, revis\u00e3o de textos e tantos outros trabalhos. Estes servi\u00e7os s\u00e3o espor\u00e1dicos e precisam ser agendados com anteced\u00eancia.<\/li>\n<\/ol>\n\n\n\n<figure class=\"wp-block-image size-full\"><img loading=\"lazy\" decoding=\"async\" width=\"100\" height=\"30\" src=\"https:\/\/apecbrasilia.com.br\/wp-content\/uploads\/2025\/01\/Divisor-11.jpg\" alt=\"\" class=\"wp-image-1651\"\/><\/figure>\n\n\n\n<p><strong>Requisitos:<\/strong><\/p>\n\n\n\n<p>\u2013 Ser crente, nascido de novo e membro de uma Igreja Evang\u00e9lica;<\/p>\n\n\n\n<p>\u2013 Ter disponibilidade para dedicar parte de seu tempo para o servi\u00e7o volunt\u00e1rio;<\/p>\n\n\n\n<p>\u2013 N\u00e3o ter problemas em trabalhar com crentes de outras denomina\u00e7\u00f5es;<\/p>\n\n\n\n<p>\u2013 Estar de acordo com a Declara\u00e7\u00e3o de F\u00e9 da APEC;<\/p>\n\n\n\n<p>\u2013 Assinar o Termo de Voluntariado;<\/p>\n\n\n\n<p>\u2013 Ter amor \u00e0s crian\u00e7as perdidas.<\/p>\n\n\n\n<figure class=\"wp-block-image size-full\"><img loading=\"lazy\" decoding=\"async\" width=\"100\" height=\"30\" src=\"https:\/\/apecbrasilia.com.br\/wp-content\/uploads\/2025\/01\/Divisor-12.jpg\" alt=\"\" class=\"wp-image-1653\"\/><\/figure>\n\n\n\n<p><strong>Se voc\u00ea possui esses requisitos, entre em contato com a gente indicando seu nome, sua igreja, sua cidade e em que \u00e1rea gostaria de atuar.<\/strong><\/p>\n\n\n\n<figure class=\"wp-block-image size-full\"><img loading=\"lazy\" decoding=\"async\" width=\"100\" height=\"30\" src=\"https:\/\/apecbrasilia.com.br\/wp-content\/uploads\/2025\/01\/Divisor-13.jpg\" alt=\"\" class=\"wp-image-1654\"\/><\/figure>\n\n\n\n<div class=\"wp-block-buttons is-layout-flex wp-block-buttons-is-layout-flex\">\n<div class=\"wp-block-button\"><a class=\"wp-block-button__link wp-element-button\" href=\"https:\/\/forms.gle\/igaEHtbQym52935L8\" target=\"_blank\" rel=\"noreferrer noopener\">Quero Ser um(a) Volunt\u00e1rio(a)<\/a><\/div>\n<\/div>\n","protected":false},"excerpt":{"rendered":"<p>VOLUNT\u00c1RIO APEC Requisitos: \u2013 Ser crente, nascido de novo e membro de uma Igreja Evang\u00e9lica; \u2013 Ter disponibilidade para dedicar parte de seu tempo para o servi\u00e7o volunt\u00e1rio; \u2013 N\u00e3o ter problemas em trabalhar com crentes de outras denomina\u00e7\u00f5es; \u2013 Estar de acordo com a Declara\u00e7\u00e3o de F\u00e9 da APEC; \u2013 Assinar o Termo de [&hellip;]<\/p>\n","protected":false},"author":1,"featured_media":0,"parent":0,"menu_order":0,"comment_status":"closed","ping_status":"closed","template":"","meta":{"footnotes":""},"class_list":["post-151","page","type-page","status-publish","hentry"],"aioseo_notices":[],"_links":{"self":[{"href":"https:\/\/apecbrasilia.com.br\/index.php\/wp-json\/wp\/v2\/pages\/151","targetHints":{"allow":["GET"]}}],"collection":[{"href":"https:\/\/apecbrasilia.com.br\/index.php\/wp-json\/wp\/v2\/pages"}],"about":[{"href":"https:\/\/apecbrasilia.com.br\/index.php\/wp-json\/wp\/v2\/types\/page"}],"author":[{"embeddable":true,"href":"https:\/\/apecbrasilia.com.br\/index.php\/wp-json\/wp\/v2\/users\/1"}],"replies":[{"embeddable":true,"href":"https:\/\/apecbrasilia.com.br\/index.php\/wp-json\/wp\/v2\/comments?post=151"}],"version-history":[{"count":9,"href":"https:\/\/apecbrasilia.com.br\/index.php\/wp-json\/wp\/v2\/pages\/151\/revisions"}],"predecessor-version":[{"id":1655,"href":"https:\/\/apecbrasilia.com.br\/index.php\/wp-json\/wp\/v2\/pages\/151\/revisions\/1655"}],"wp:attachment":[{"href":"https:\/\/apecbrasilia.com.br\/index.php\/wp-json\/wp\/v2\/media?parent=151"}],"curies":[{"name":"wp","href":"https:\/\/api.w.org\/{rel}","templated":true}]}}