{"id":128,"date":"2023-05-12T12:14:40","date_gmt":"2023-05-12T15:14:40","guid":{"rendered":"https:\/\/apecbrasilia.com.br\/?page_id=128"},"modified":"2023-05-29T14:03:06","modified_gmt":"2023-05-29T17:03:06","slug":"instituicoes","status":"publish","type":"page","link":"https:\/\/apecbrasilia.com.br\/index.php\/instituicoes\/","title":{"rendered":"Institui\u00e7\u00f5es"},"content":{"rendered":"\n<p>INSTITUI\u00c7\u00d5ES<\/p>\n\n\n\n<p><br>Levamos a palavra da salva\u00e7\u00e3o a institui\u00e7\u00f5es p\u00fablicas e privadas<\/p>\n\n\n\n<p><br>UM POUCO DO TRABALHO<\/p>\n","protected":false},"excerpt":{"rendered":"<p>INSTITUI\u00c7\u00d5ES Levamos a palavra da salva\u00e7\u00e3o a institui\u00e7\u00f5es p\u00fablicas e privadas UM POUCO DO TRABALHO<\/p>\n","protected":false},"author":1,"featured_media":0,"parent":0,"menu_order":0,"comment_status":"closed","ping_status":"closed","template":"","meta":{"footnotes":""},"class_list":["post-128","page","type-page","status-publish","hentry"],"aioseo_notices":[],"_links":{"self":[{"href":"https:\/\/apecbrasilia.com.br\/index.php\/wp-json\/wp\/v2\/pages\/128","targetHints":{"allow":["GET"]}}],"collection":[{"href":"https:\/\/apecbrasilia.com.br\/index.php\/wp-json\/wp\/v2\/pages"}],"about":[{"href":"https:\/\/apecbrasilia.com.br\/index.php\/wp-json\/wp\/v2\/types\/page"}],"author":[{"embeddable":true,"href":"https:\/\/apecbrasilia.com.br\/index.php\/wp-json\/wp\/v2\/users\/1"}],"replies":[{"embeddable":true,"href":"https:\/\/apecbrasilia.com.br\/index.php\/wp-json\/wp\/v2\/comments?post=128"}],"version-history":[{"count":3,"href":"https:\/\/apecbrasilia.com.br\/index.php\/wp-json\/wp\/v2\/pages\/128\/revisions"}],"predecessor-version":[{"id":394,"href":"https:\/\/apecbrasilia.com.br\/index.php\/wp-json\/wp\/v2\/pages\/128\/revisions\/394"}],"wp:attachment":[{"href":"https:\/\/apecbrasilia.com.br\/index.php\/wp-json\/wp\/v2\/media?parent=128"}],"curies":[{"name":"wp","href":"https:\/\/api.w.org\/{rel}","templated":true}]}}