{"id":126,"date":"2023-05-12T12:14:10","date_gmt":"2023-05-12T15:14:10","guid":{"rendered":"https:\/\/apecbrasilia.com.br\/?page_id=126"},"modified":"2023-05-29T14:00:22","modified_gmt":"2023-05-29T17:00:22","slug":"indigenas","status":"publish","type":"page","link":"https:\/\/apecbrasilia.com.br\/index.php\/indigenas\/","title":{"rendered":"Ind\u00edgenas"},"content":{"rendered":"\n<p><strong>IND\u00cdGENAS<\/strong><br><\/p>\n\n\n\n<p>Trabalho evangel\u00edstico REALIZADO com os ind\u00edgenas da comunidade guajajara, mometaneamente interrompido por ocasi\u00e3o da Pandemia de Coronavirus.<br><\/p>\n\n\n\n<p>UM POUCO DO TRABALHO<\/p>\n","protected":false},"excerpt":{"rendered":"<p>IND\u00cdGENAS Trabalho evangel\u00edstico REALIZADO com os ind\u00edgenas da comunidade guajajara, mometaneamente interrompido por ocasi\u00e3o da Pandemia de Coronavirus. UM POUCO DO TRABALHO<\/p>\n","protected":false},"author":1,"featured_media":0,"parent":0,"menu_order":0,"comment_status":"closed","ping_status":"closed","template":"","meta":{"footnotes":""},"class_list":["post-126","page","type-page","status-publish","hentry"],"aioseo_notices":[],"_links":{"self":[{"href":"https:\/\/apecbrasilia.com.br\/index.php\/wp-json\/wp\/v2\/pages\/126","targetHints":{"allow":["GET"]}}],"collection":[{"href":"https:\/\/apecbrasilia.com.br\/index.php\/wp-json\/wp\/v2\/pages"}],"about":[{"href":"https:\/\/apecbrasilia.com.br\/index.php\/wp-json\/wp\/v2\/types\/page"}],"author":[{"embeddable":true,"href":"https:\/\/apecbrasilia.com.br\/index.php\/wp-json\/wp\/v2\/users\/1"}],"replies":[{"embeddable":true,"href":"https:\/\/apecbrasilia.com.br\/index.php\/wp-json\/wp\/v2\/comments?post=126"}],"version-history":[{"count":3,"href":"https:\/\/apecbrasilia.com.br\/index.php\/wp-json\/wp\/v2\/pages\/126\/revisions"}],"predecessor-version":[{"id":391,"href":"https:\/\/apecbrasilia.com.br\/index.php\/wp-json\/wp\/v2\/pages\/126\/revisions\/391"}],"wp:attachment":[{"href":"https:\/\/apecbrasilia.com.br\/index.php\/wp-json\/wp\/v2\/media?parent=126"}],"curies":[{"name":"wp","href":"https:\/\/api.w.org\/{rel}","templated":true}]}}