{"id":120,"date":"2023-05-12T12:12:24","date_gmt":"2023-05-12T15:12:24","guid":{"rendered":"https:\/\/apecbrasilia.com.br\/?page_id=120"},"modified":"2023-07-14T23:30:00","modified_gmt":"2023-07-15T02:30:00","slug":"clube-dos-5-dias","status":"publish","type":"page","link":"https:\/\/apecbrasilia.com.br\/index.php\/clube-dos-5-dias\/","title":{"rendered":"Clube dos 5 Dias"},"content":{"rendered":"\n<p><strong>CLUBE DOS 5 DIAS<\/strong><\/p>\n\n\n\n<p><br>Intensificado no per\u00edodo de f\u00e9rias (janeiro e julho) em todo Distrito Federal. <\/p>\n\n\n\n<p><br><strong>UM POUCO DO TRABALHO<\/strong><\/p>\n\n\n\n<figure class=\"wp-block-gallery has-nested-images columns-default is-cropped wp-block-gallery-1 is-layout-flex wp-block-gallery-is-layout-flex\">\n<figure class=\"wp-block-image size-large\"><img loading=\"lazy\" decoding=\"async\" width=\"640\" height=\"460\" data-id=\"784\" src=\"https:\/\/apecbrasilia.com.br\/wp-content\/uploads\/2023\/07\/Super-5-01.jpg\" alt=\"\" class=\"wp-image-784\" srcset=\"https:\/\/apecbrasilia.com.br\/wp-content\/uploads\/2023\/07\/Super-5-01.jpg 640w, https:\/\/apecbrasilia.com.br\/wp-content\/uploads\/2023\/07\/Super-5-01-300x216.jpg 300w\" sizes=\"auto, (max-width: 640px) 100vw, 640px\" \/><\/figure>\n\n\n\n<figure class=\"wp-block-image size-large\"><img loading=\"lazy\" decoding=\"async\" width=\"640\" height=\"460\" data-id=\"785\" src=\"https:\/\/apecbrasilia.com.br\/wp-content\/uploads\/2023\/07\/Super-5-02.jpg\" alt=\"\" class=\"wp-image-785\" srcset=\"https:\/\/apecbrasilia.com.br\/wp-content\/uploads\/2023\/07\/Super-5-02.jpg 640w, https:\/\/apecbrasilia.com.br\/wp-content\/uploads\/2023\/07\/Super-5-02-300x216.jpg 300w\" sizes=\"auto, (max-width: 640px) 100vw, 640px\" \/><\/figure>\n\n\n\n<figure class=\"wp-block-image size-large\"><img loading=\"lazy\" decoding=\"async\" width=\"640\" height=\"460\" data-id=\"786\" src=\"https:\/\/apecbrasilia.com.br\/wp-content\/uploads\/2023\/07\/Super-5-03.jpg\" alt=\"\" class=\"wp-image-786\" srcset=\"https:\/\/apecbrasilia.com.br\/wp-content\/uploads\/2023\/07\/Super-5-03.jpg 640w, https:\/\/apecbrasilia.com.br\/wp-content\/uploads\/2023\/07\/Super-5-03-300x216.jpg 300w\" sizes=\"auto, (max-width: 640px) 100vw, 640px\" \/><\/figure>\n\n\n\n<figure class=\"wp-block-image size-large\"><img loading=\"lazy\" decoding=\"async\" width=\"640\" height=\"460\" data-id=\"787\" src=\"https:\/\/apecbrasilia.com.br\/wp-content\/uploads\/2023\/07\/Super-5-04.jpg\" alt=\"\" class=\"wp-image-787\" srcset=\"https:\/\/apecbrasilia.com.br\/wp-content\/uploads\/2023\/07\/Super-5-04.jpg 640w, https:\/\/apecbrasilia.com.br\/wp-content\/uploads\/2023\/07\/Super-5-04-300x216.jpg 300w\" sizes=\"auto, (max-width: 640px) 100vw, 640px\" \/><\/figure>\n\n\n\n<figure class=\"wp-block-image size-large\"><img loading=\"lazy\" decoding=\"async\" width=\"1024\" height=\"768\" data-id=\"789\" src=\"https:\/\/apecbrasilia.com.br\/wp-content\/uploads\/2023\/07\/Super-5-05-1024x768.jpg\" alt=\"\" class=\"wp-image-789\" srcset=\"https:\/\/apecbrasilia.com.br\/wp-content\/uploads\/2023\/07\/Super-5-05-1024x768.jpg 1024w, https:\/\/apecbrasilia.com.br\/wp-content\/uploads\/2023\/07\/Super-5-05-300x225.jpg 300w, https:\/\/apecbrasilia.com.br\/wp-content\/uploads\/2023\/07\/Super-5-05-768x576.jpg 768w, https:\/\/apecbrasilia.com.br\/wp-content\/uploads\/2023\/07\/Super-5-05.jpg 1280w\" sizes=\"auto, (max-width: 1024px) 100vw, 1024px\" \/><\/figure>\n\n\n\n<figure class=\"wp-block-image size-large\"><img loading=\"lazy\" decoding=\"async\" width=\"640\" height=\"460\" data-id=\"788\" src=\"https:\/\/apecbrasilia.com.br\/wp-content\/uploads\/2023\/07\/Super-5-06.jpg\" alt=\"\" class=\"wp-image-788\" srcset=\"https:\/\/apecbrasilia.com.br\/wp-content\/uploads\/2023\/07\/Super-5-06.jpg 640w, https:\/\/apecbrasilia.com.br\/wp-content\/uploads\/2023\/07\/Super-5-06-300x216.jpg 300w\" sizes=\"auto, (max-width: 640px) 100vw, 640px\" \/><\/figure>\n<\/figure>\n\n\n\n<p>Clube Super 5 em Condom\u00ednio de Samambaia.<\/p>\n\n\n\n<figure class=\"wp-block-video\"><video controls src=\"https:\/\/apecbrasilia.com.br\/wp-content\/uploads\/2023\/07\/Super-5.mp4\"><\/video><\/figure>\n","protected":false},"excerpt":{"rendered":"<p>CLUBE DOS 5 DIAS Intensificado no per\u00edodo de f\u00e9rias (janeiro e julho) em todo Distrito Federal. UM POUCO DO TRABALHO Clube Super 5 em Condom\u00ednio de Samambaia.<\/p>\n","protected":false},"author":1,"featured_media":0,"parent":0,"menu_order":0,"comment_status":"closed","ping_status":"closed","template":"","meta":{"footnotes":""},"class_list":["post-120","page","type-page","status-publish","hentry"],"aioseo_notices":[],"_links":{"self":[{"href":"https:\/\/apecbrasilia.com.br\/index.php\/wp-json\/wp\/v2\/pages\/120","targetHints":{"allow":["GET"]}}],"collection":[{"href":"https:\/\/apecbrasilia.com.br\/index.php\/wp-json\/wp\/v2\/pages"}],"about":[{"href":"https:\/\/apecbrasilia.com.br\/index.php\/wp-json\/wp\/v2\/types\/page"}],"author":[{"embeddable":true,"href":"https:\/\/apecbrasilia.com.br\/index.php\/wp-json\/wp\/v2\/users\/1"}],"replies":[{"embeddable":true,"href":"https:\/\/apecbrasilia.com.br\/index.php\/wp-json\/wp\/v2\/comments?post=120"}],"version-history":[{"count":5,"href":"https:\/\/apecbrasilia.com.br\/index.php\/wp-json\/wp\/v2\/pages\/120\/revisions"}],"predecessor-version":[{"id":794,"href":"https:\/\/apecbrasilia.com.br\/index.php\/wp-json\/wp\/v2\/pages\/120\/revisions\/794"}],"wp:attachment":[{"href":"https:\/\/apecbrasilia.com.br\/index.php\/wp-json\/wp\/v2\/media?parent=120"}],"curies":[{"name":"wp","href":"https:\/\/api.w.org\/{rel}","templated":true}]}}