{"id":114,"date":"2023-05-12T12:09:15","date_gmt":"2023-05-12T15:09:15","guid":{"rendered":"https:\/\/apecbrasilia.com.br\/?page_id=114"},"modified":"2025-01-09T22:01:25","modified_gmt":"2025-01-10T01:01:25","slug":"oficinas","status":"publish","type":"page","link":"https:\/\/apecbrasilia.com.br\/index.php\/oficinas\/","title":{"rendered":"Oficinas"},"content":{"rendered":"\n<h3 class=\"wp-block-heading\">OFICINAS CRIATIVAS<br><\/h3>\n\n\n\n<figure class=\"wp-block-image size-full\"><img loading=\"lazy\" decoding=\"async\" width=\"100\" height=\"30\" src=\"https:\/\/apecbrasilia.com.br\/wp-content\/uploads\/2025\/01\/Divisor-14.jpg\" alt=\"\" class=\"wp-image-1656\"\/><\/figure>\n\n\n\n<p><strong><em>DATAS ESPECIAIS<\/em><\/strong><br>APRENDA A FAZER OS PR\u00d3PRIOS MATERIAIS<\/p>\n\n\n\n<p><\/p>\n\n\n\n<p>OBJETIVO O Super Semin\u00e1rio \u00e9 um evento especial oferecido pela APEC Bras\u00edlia, para compartilhar com os professores, evangelistas e discipuladores de crian\u00e7as as pr\u00e1ticas criativas e sugest\u00f5es de programa para serem realizadas em datas especiais, como Natal, P\u00e1scoa, Dia das Crian\u00e7as, Dia das M\u00e3es, Dia dos Pais\u2026 para produ\u00e7\u00e3o dos pr\u00f3prios materiais de ensino e decorativos que ser\u00e3o utilizados nos programas. A experi\u00eancia \u00e9 realizada na Sede da APEC e utilizamos todo tipo de material.<\/p>\n\n\n\n<p><br>A lista de materiais vai desde \u00edtens novos, como \u00edtens reciclados. Segue a sugest\u00e3o de materiais:<\/p>\n\n\n\n<figure class=\"wp-block-image size-full\"><img loading=\"lazy\" decoding=\"async\" width=\"100\" height=\"30\" src=\"https:\/\/apecbrasilia.com.br\/wp-content\/uploads\/2025\/01\/Divisor-15.jpg\" alt=\"\" class=\"wp-image-1657\"\/><\/figure>\n\n\n\n<p><strong>MATERIAIS NOVOS<br><\/strong><\/p>\n\n\n\n<p>A lista de materiais vai desde \u00edtens novos, como \u00edtens reciclados. Segue a sugest\u00e3o de materiais:<\/p>\n\n\n\n<p>\u2013 E.V.A., Cartolina, Cola, Cola Quente, Gliter, Papel Seda, Papel Crepon, Tinta Guache, Cord\u00e3o, TNT.<\/p>\n\n\n\n<figure class=\"wp-block-image size-full\"><img decoding=\"async\" src=\"http:\/\/apecbrasilia.com.br\/wp-content\/uploads\/2023\/06\/Divisor-5.jpg\" alt=\"\" class=\"wp-image-459\"\/><\/figure>\n\n\n\n<p><strong>MATERIAIS RECICLADOS<\/strong><\/p>\n\n\n\n<p><br>\u2013 Tampas, Papel\u00e3o, Palitos, Retalhos, Cordas, Pl\u00e1sticos, Garrafas Pets, Potes de Vidros\u2026<\/p>\n\n\n\n<p>\u00c9 isso a\u00ed, tem muito mais coisas e materiais.<\/p>\n\n\n\n<p>Ent\u00e3o participe das oficinas.<\/p>\n\n\n\n<figure class=\"wp-block-image size-full\"><img loading=\"lazy\" decoding=\"async\" width=\"100\" height=\"30\" src=\"https:\/\/apecbrasilia.com.br\/wp-content\/uploads\/2025\/01\/Divisor-16.jpg\" alt=\"\" class=\"wp-image-1658\"\/><\/figure>\n\n\n\n<p>RESERVE SUA VAGA<\/p>\n\n\n\n<p>Mais informa\u00e7\u00f5es (61) 3226-5485<\/p>\n\n\n\n<div class=\"wp-block-buttons is-layout-flex wp-block-buttons-is-layout-flex\">\n<div class=\"wp-block-button\"><a class=\"wp-block-button__link wp-element-button\" href=\"https:\/\/forms.gle\/A7GeDexFBsCu582y9\" target=\"_blank\" rel=\"noreferrer noopener\">Reservar Curso<\/a><\/div>\n<\/div>\n","protected":false},"excerpt":{"rendered":"<p>OFICINAS CRIATIVAS DATAS ESPECIAISAPRENDA A FAZER OS PR\u00d3PRIOS MATERIAIS OBJETIVO O Super Semin\u00e1rio \u00e9 um evento especial oferecido pela APEC Bras\u00edlia, para compartilhar com os professores, evangelistas e discipuladores de crian\u00e7as as pr\u00e1ticas criativas e sugest\u00f5es de programa para serem realizadas em datas especiais, como Natal, P\u00e1scoa, Dia das Crian\u00e7as, Dia das M\u00e3es, Dia dos [&hellip;]<\/p>\n","protected":false},"author":1,"featured_media":0,"parent":0,"menu_order":0,"comment_status":"closed","ping_status":"closed","template":"","meta":{"footnotes":""},"class_list":["post-114","page","type-page","status-publish","hentry"],"aioseo_notices":[],"_links":{"self":[{"href":"https:\/\/apecbrasilia.com.br\/index.php\/wp-json\/wp\/v2\/pages\/114","targetHints":{"allow":["GET"]}}],"collection":[{"href":"https:\/\/apecbrasilia.com.br\/index.php\/wp-json\/wp\/v2\/pages"}],"about":[{"href":"https:\/\/apecbrasilia.com.br\/index.php\/wp-json\/wp\/v2\/types\/page"}],"author":[{"embeddable":true,"href":"https:\/\/apecbrasilia.com.br\/index.php\/wp-json\/wp\/v2\/users\/1"}],"replies":[{"embeddable":true,"href":"https:\/\/apecbrasilia.com.br\/index.php\/wp-json\/wp\/v2\/comments?post=114"}],"version-history":[{"count":8,"href":"https:\/\/apecbrasilia.com.br\/index.php\/wp-json\/wp\/v2\/pages\/114\/revisions"}],"predecessor-version":[{"id":1659,"href":"https:\/\/apecbrasilia.com.br\/index.php\/wp-json\/wp\/v2\/pages\/114\/revisions\/1659"}],"wp:attachment":[{"href":"https:\/\/apecbrasilia.com.br\/index.php\/wp-json\/wp\/v2\/media?parent=114"}],"curies":[{"name":"wp","href":"https:\/\/api.w.org\/{rel}","templated":true}]}}