{"id":110,"date":"2023-05-12T12:07:06","date_gmt":"2023-05-12T15:07:06","guid":{"rendered":"https:\/\/apecbrasilia.com.br\/?page_id=110"},"modified":"2026-01-29T00:01:44","modified_gmt":"2026-01-29T03:01:44","slug":"curso-introdutivo","status":"publish","type":"page","link":"https:\/\/apecbrasilia.com.br\/index.php\/curso-introdutivo\/","title":{"rendered":"Curso Introdutivo 2026"},"content":{"rendered":"\n<h2 class=\"wp-block-heading\" id=\"block-a1ca64ee-000f-4398-8c8d-565347488981\">MATR\u00cdCULAS ABERTAS PARA OS CURSOS NA SEDE DA APEC DF<br>Treinamento para Professores e Evangelistas de Crian\u00e7as<\/h2>\n\n\n\n<figure class=\"wp-block-image size-full\"><img loading=\"lazy\" decoding=\"async\" width=\"100\" height=\"30\" src=\"https:\/\/apecbrasilia.com.br\/wp-content\/uploads\/2025\/01\/Divisor-23.jpg\" alt=\"\" class=\"wp-image-1699\"\/><\/figure>\n\n\n\n<p><strong>S\u00e1bado<\/strong> &#8211; <strong>21 de fevereiro<\/strong><\/p>\n\n\n\n<p>8h30 \u00e0s 12h<br><em>Intervalo almo\u00e7o<\/em><br>13h30 \u00e0s 17h<\/p>\n\n\n\n<p><\/p>\n\n\n\n<p>Investimento R$ 90,00<\/p>\n\n\n\n<p><strong>Pagamento pelo pix<\/strong><br>Apecbrasilia@gmail.com<\/p>\n\n\n\n<p>Enviar c\u00f3pia do pix para WhatsApp (61) 99107-8708<\/p>\n\n\n\n<p><br>Aluno receber\u00e1 a pasta com materiais e certificado.<\/p>\n\n\n\n<p><\/p>\n\n\n\n<p><\/p>\n\n\n\n<h2 class=\"wp-block-heading\"><strong>INSCRI\u00c7\u00d5ES ABERTAS<\/strong><\/h2>\n\n\n\n<figure class=\"wp-block-image size-full\"><img loading=\"lazy\" decoding=\"async\" width=\"1018\" height=\"1006\" src=\"https:\/\/apecbrasilia.com.br\/wp-content\/uploads\/2026\/01\/Curso-Introdutivo.jpg\" alt=\"\" class=\"wp-image-2261\" srcset=\"https:\/\/apecbrasilia.com.br\/wp-content\/uploads\/2026\/01\/Curso-Introdutivo.jpg 1018w, https:\/\/apecbrasilia.com.br\/wp-content\/uploads\/2026\/01\/Curso-Introdutivo-300x296.jpg 300w, https:\/\/apecbrasilia.com.br\/wp-content\/uploads\/2026\/01\/Curso-Introdutivo-768x759.jpg 768w\" sizes=\"auto, (max-width: 1018px) 100vw, 1018px\" \/><\/figure>\n\n\n\n<figure class=\"wp-block-image size-full\"><img loading=\"lazy\" decoding=\"async\" width=\"100\" height=\"30\" src=\"http:\/\/apecbrasilia.com.br\/wp-content\/uploads\/2025\/01\/Divisor-23.jpg\" alt=\"\" class=\"wp-image-1699\"\/><\/figure>\n\n\n\n<p id=\"block-10f5e691-b3aa-4225-b7f0-b731bfdcb0c9\"><strong>CURSO REALIZADO<\/strong> <strong>NA SEDE DA APEC<\/strong><\/p>\n\n\n\n<figure class=\"wp-block-image size-full\"><img loading=\"lazy\" decoding=\"async\" width=\"100\" height=\"30\" src=\"http:\/\/apecbrasilia.com.br\/wp-content\/uploads\/2025\/01\/Divisor-23.jpg\" alt=\"\" class=\"wp-image-1699\"\/><\/figure>\n\n\n\n<p><\/p>\n\n\n\n<p id=\"block-866053f2-dd11-47ad-b43b-45a16320d0fd\"><strong>OBJETIVOS<\/strong><\/p>\n\n\n\n<p id=\"block-d37453f8-ac2b-4b23-9939-e820f92c9092\">No\u00e7\u00f5es b\u00e1sicas para ensinar a Palavra de Deus \u00e0s crian\u00e7as. Aprenda m\u00e9todos eficientes para a evangeliza\u00e7\u00e3o e o discipulado das crian\u00e7as.<\/p>\n\n\n\n<figure class=\"wp-block-image size-full\"><img loading=\"lazy\" decoding=\"async\" width=\"100\" height=\"30\" src=\"http:\/\/apecbrasilia.com.br\/wp-content\/uploads\/2025\/01\/Divisor-23.jpg\" alt=\"\" class=\"wp-image-1699\"\/><\/figure>\n\n\n\n<p id=\"block-084d7e12-724d-4df0-b5e7-2dfdddb0b9bf\"><strong>CONDI\u00c7\u00d5ES GERAIS PARA REALIZA\u00c7\u00c3O DO CURSO<\/strong><\/p>\n\n\n\n<ol id=\"block-bad937af-54cf-46b5-9756-6d38ae7c65c3\" class=\"wp-block-list\">\n<li>A Igreja ou Entidade que promover o curso deve se responsabilizar pelas despesas de viagem e estadia da equipe. Geralmente o curso \u00e9 ministrado por duas ou tr\u00eas pessoas;<\/li>\n\n\n\n<li>Para que o curso seja realizado \u00e9 imprescind\u00edvel ter no m\u00ednimo 30 alunos matriculados;<\/li>\n\n\n\n<li>Um certificado de aproveitamento ser\u00e1 concedido aos alunos que n\u00e3o perderem nenhuma aula;<\/li>\n\n\n\n<li>\u00c9 necess\u00e1rio que os respons\u00e1veis promovam e d\u00eaem oportunidade de participa\u00e7\u00e3o \u00e0s demais Igrejas Evang\u00e9licas da regi\u00e3o;<\/li>\n\n\n\n<li>A APEC enviar\u00e1 um Cartaz para que sejam feitas c\u00f3pias e distribu\u00eddas entre as igrejas, assim como as fichas de inscri\u00e7\u00f5es, que ser\u00e3o feitas pela Igreja ou Entidade que promover o Curso;<\/li>\n\n\n\n<li>A equipe da APEC levar\u00e1 material did\u00e1tico e visualizado para exposi\u00e7\u00e3o e venda durante o curso;<\/li>\n\n\n\n<li>Ap\u00f3s definir, com boa anteced\u00eancia, a data do curso, uma solicita\u00e7\u00e3o, por escrito, deve ser enviada para a APEC;<\/li>\n\n\n\n<li>Os obreiros da APEC s\u00e3o sustentados por ofertas volunt\u00e1rias e n\u00e3o por taxas de cursos ou venda de literatura. Se a igreja ou entidade que promover o curso puder oferecer uma oferta especial, a mesma ser\u00e1 bem-vinda e uma grande b\u00ean\u00e7\u00e3o.<br>INFORMA\u00c7\u00d5ES GERAIS<\/li>\n<\/ol>\n\n\n\n<p><strong>Curso Para Pais, Professores e L\u00edderes de Crian\u00e7as. <\/strong><\/p>\n\n\n\n<p><strong>Mat\u00e9rias B\u00edblicas<\/strong><\/p>\n\n\n\n<ul class=\"wp-block-list\">\n<li>A Crian\u00e7a no Ensino de Jesus<\/li>\n\n\n\n<li>Levando a Crian\u00e7a a Cristo<\/li>\n\n\n\n<li>Ensino \u00e0 Crian\u00e7a salva<br><\/li>\n\n\n\n<li><strong>Pedag\u00f3gicas<\/strong><\/li>\n\n\n\n<li>Qualidades do professor<\/li>\n\n\n\n<li>Prepara\u00e7\u00e3o e apresenta\u00e7\u00e3o da li\u00e7\u00e3o B\u00edblica<\/li>\n\n\n\n<li>Programa na classe: c\u00e2nticos, ora\u00e7\u00e3o, memoriza\u00e7\u00e3o de vers\u00edculos<\/li>\n\n\n\n<li>Responsabilidades da Igreja Local<br><\/li>\n\n\n\n<li><strong>Extras<\/strong><\/li>\n\n\n\n<li>Jogo de Revis\u00e3o de perguntas<\/li>\n\n\n\n<li>Aula modelo de uma classe<\/li>\n<\/ul>\n\n\n\n<p>Segue link para inscri\u00e7\u00e3o<\/p>\n\n\n\n<div class=\"wp-block-buttons is-layout-flex wp-block-buttons-is-layout-flex\">\n<div class=\"wp-block-button\"><a class=\"wp-block-button__link wp-element-button\" href=\"https:\/\/forms.gle\/Z6WEcKdVq7UBKxv37\" target=\"_blank\" rel=\"noreferrer noopener\">Matr\u00edcula<\/a><\/div>\n<\/div>\n\n\n\n<p>Pagamento Pix Apecbrasilia@gmail.com<br>Enviar c\u00f3pia para a APEC&nbsp;&nbsp;(61) 98117-1219<\/p>\n\n\n\n<p><\/p>\n","protected":false},"excerpt":{"rendered":"<p>MATR\u00cdCULAS ABERTAS PARA OS CURSOS NA SEDE DA APEC DFTreinamento para Professores e Evangelistas de Crian\u00e7as S\u00e1bado &#8211; 21 de fevereiro 8h30 \u00e0s 12hIntervalo almo\u00e7o13h30 \u00e0s 17h Investimento R$ 90,00 Pagamento pelo pixApecbrasilia@gmail.com Enviar c\u00f3pia do pix para WhatsApp (61) 99107-8708 Aluno receber\u00e1 a pasta com materiais e certificado. INSCRI\u00c7\u00d5ES ABERTAS CURSO REALIZADO NA SEDE [&hellip;]<\/p>\n","protected":false},"author":1,"featured_media":0,"parent":0,"menu_order":0,"comment_status":"closed","ping_status":"closed","template":"","meta":{"footnotes":""},"class_list":["post-110","page","type-page","status-publish","hentry"],"aioseo_notices":[],"_links":{"self":[{"href":"https:\/\/apecbrasilia.com.br\/index.php\/wp-json\/wp\/v2\/pages\/110","targetHints":{"allow":["GET"]}}],"collection":[{"href":"https:\/\/apecbrasilia.com.br\/index.php\/wp-json\/wp\/v2\/pages"}],"about":[{"href":"https:\/\/apecbrasilia.com.br\/index.php\/wp-json\/wp\/v2\/types\/page"}],"author":[{"embeddable":true,"href":"https:\/\/apecbrasilia.com.br\/index.php\/wp-json\/wp\/v2\/users\/1"}],"replies":[{"embeddable":true,"href":"https:\/\/apecbrasilia.com.br\/index.php\/wp-json\/wp\/v2\/comments?post=110"}],"version-history":[{"count":52,"href":"https:\/\/apecbrasilia.com.br\/index.php\/wp-json\/wp\/v2\/pages\/110\/revisions"}],"predecessor-version":[{"id":2262,"href":"https:\/\/apecbrasilia.com.br\/index.php\/wp-json\/wp\/v2\/pages\/110\/revisions\/2262"}],"wp:attachment":[{"href":"https:\/\/apecbrasilia.com.br\/index.php\/wp-json\/wp\/v2\/media?parent=110"}],"curies":[{"name":"wp","href":"https:\/\/api.w.org\/{rel}","templated":true}]}}